{"id":1938,"date":"2026-02-16T17:55:51","date_gmt":"2026-02-16T17:55:51","guid":{"rendered":"https:\/\/www.imperiumdeal.com\/?post_type=product&#038;p=1938"},"modified":"2026-03-26T06:48:09","modified_gmt":"2026-03-26T06:48:09","slug":"xsdts-smart-door-lock-test-is-it-really-secure-for-the-money","status":"publish","type":"product","link":"https:\/\/www.imperiumdeal.com\/en\/offer\/xsdts-smart-door-lock-test-is-it-really-secure-for-the-money\/","title":{"rendered":"XSDTS Smart Door Lock Test: Is It Really Secure for the Money?"},"content":{"rendered":"","protected":false},"featured_media":0,"template":"","meta":{"_jet_sm_ready_style":"","_jet_sm_style":"","_jet_sm_controls_values":"","_jet_sm_fonts_collection":"","_jet_sm_fonts_links":"","product_name":"XSDTS Smart Door Lock Test: Is It Really Secure for the Money?","termek_hero_cim":"","termek_hero_alcim":"","formazott_hero_cim":"gfdgbfvdc","rovid_leiras":"<p><strong>Face recognition smart door lock from Chinese AliExpress? Is it worth the risk? Our test reveals if the XSDTS smart lock is secure, smart, and competitive in price-performance ratio.<\/strong><\/p>","price_huf":"","old_price_huf":"","price_eur":"","old_price_eur":"","price_usd":"","old_price_usd":"","exact_name":"XSDTS Wifi Tuya APP Face Recognition Smart Door Lock","termek_3_tulajdonsag":[{"pipakhoz":"Face recognition accuracy"},{"pipakhoz":"Battery life"},{"pipakhoz":"App stability"}],"harompicivelemeny":"Super convenient, but sometimes it doesn't recognize my face.","harompicivelemeny_copy":"Very good for the price, but installation was a bit complicated.","harompicivelemeny_copy_copy":"I get notifications when someone is at the door. Very useful!","affiliate_focim":"","affiliate_links":[],"spec_cards":[{"kiemelt_ikon":"star","kiemelt_tulajdonsag":"Face Recognition Entry","kiemeles_reszletezese":"Keyless entry with just a glance. Convenient, but is it secure too?"},{"kiemelt_ikon":"bolt","kiemelt_tulajdonsag":"Tuya App Integration","kiemeles_reszletezese":"Control the lock remotely, get notifications. Can be the center of your smart home, but connection to Chinese servers raises data privacy questions."},{"kiemelt_ikon":"check","kiemelt_tulajdonsag":"Two-way Audio Communication and Video Call","kiemeles_reszletezese":"See and talk to visitors before letting them in. Perfect if you're not home but expecting a package."},{"kiemelt_ikon":"heart","kiemelt_tulajdonsag":"Discounted Price","kiemeles_reszletezese":"The ~37,000 HUF price is attractive, but cheap meat has thin broth \u2013 is the quality as favorable?"}],"kiemelt_tulajdonsagok_focim":"Main Features","gyari_termekadatok_cim":"","specs_gallery":[],"spec_data":[{"data":"Brand","value":"XSOOTL"},{"data":"Model Number","value":"Not specified"},{"data":"Color","value":"Gray"},{"data":"Functions","value":"Face recognition, video intercom, WiFi"}],"velemenyek_focim":"What Do Buyers Say?","atlagos_ertelekesek":"","positiv_velemenyek":"Pozit\u00edv v\u00e9lem\u00e9nyek","pro_list":[{"pros":"Convenient face recognition entry"},{"pros":"Tuya app remote control"},{"pros":"Two-way audio communication and video call"},{"pros":"Favorable price"}],"negative_velemenyek":"Negat\u00edv v\u00e9lem\u00e9nyek","neg_list":[{"neg":"Chinese manufacturer, data privacy concerns"},{"neg":"Not necessarily compatible with local standards"},{"neg":"Face recognition accuracy poor in low light"}],"termekkep_galeria":[],"aliexpress_id":"","gyik_cim":"","gyik_lista":"","ar_ertek":"","ar_ertek_kuponos":"","leiras_1_cim":"","leiras_1_szoveg":"","leiras_2_cim":"","leiras_2_szoveg":"","leiras_3_cim":"","leiras_3_szoveg":"","leiras_4_cim":"","leiras_4_szoveg":"","leiras_5_cim":"","leiras_5_szoveg":"","leiras_6_cim":"","leiras_6_szoveg":"","leiras_7_cim":"","leiras_7_szoveg":"","leiras_8_cim":"","leiras_8_szoveg":"","hero_kiemeles":"","hero_lejarat":0,"hero_cimkek":[]},"proba":[],"arketegoria":[],"bolt":[],"kategoriak":[1677],"marka":[],"class_list":["post-1938","product","type-product","status-publish","hentry","kategoriak-action-cameras-2356"],"_links":{"self":[{"href":"https:\/\/www.imperiumdeal.com\/en\/wp-json\/wp\/v2\/product\/1938","targetHints":{"allow":["GET"]}}],"collection":[{"href":"https:\/\/www.imperiumdeal.com\/en\/wp-json\/wp\/v2\/product"}],"about":[{"href":"https:\/\/www.imperiumdeal.com\/en\/wp-json\/wp\/v2\/types\/product"}],"wp:attachment":[{"href":"https:\/\/www.imperiumdeal.com\/en\/wp-json\/wp\/v2\/media?parent=1938"}],"wp:term":[{"taxonomy":"proba","embeddable":true,"href":"https:\/\/www.imperiumdeal.com\/en\/wp-json\/wp\/v2\/proba?post=1938"},{"taxonomy":"arketegoria","embeddable":true,"href":"https:\/\/www.imperiumdeal.com\/en\/wp-json\/wp\/v2\/arketegoria?post=1938"},{"taxonomy":"bolt","embeddable":true,"href":"https:\/\/www.imperiumdeal.com\/en\/wp-json\/wp\/v2\/bolt?post=1938"},{"taxonomy":"kategoriak","embeddable":true,"href":"https:\/\/www.imperiumdeal.com\/en\/wp-json\/wp\/v2\/kategoriak?post=1938"},{"taxonomy":"marka","embeddable":true,"href":"https:\/\/www.imperiumdeal.com\/en\/wp-json\/wp\/v2\/marka?post=1938"}],"curies":[{"name":"wp","href":"https:\/\/api.w.org\/{rel}","templated":true}]}}